{"id":2,"date":"2017-12-31T17:16:23","date_gmt":"2017-12-31T17:16:23","guid":{"rendered":"http:\/\/firecurtaintechnologies.com\/es\/?page_id=2"},"modified":"2018-05-16T19:40:34","modified_gmt":"2018-05-16T19:40:34","slug":"fire-curtain-technologies","status":"publish","type":"page","link":"https:\/\/firecurtaintechnologies.com\/es\/","title":{"rendered":"Fire Curtain Technologies"},"content":{"rendered":"<p>Fire Curtain Technologies distribuye una amplia variedad de cortinas corta fuego y humo para proteger todo tipo de construcci\u00f3n.<\/p>\n<p>Las cortinas cortafuego y humo proporcionan un medio eficaz de compartimentaci\u00f3n contra incendios y un sistema para proteger vidas y bienes dentro de un edificio.<\/p>\n<p>Los sistemas de contenci\u00f3n de humo evitan el movimiento de humo y calor de un \u00e1rea a otra. Estos a menudo toman la forma de barreras f\u00edsicas como cortinas corta humo.\u00a0Nuestras cortinas corta fuego y humo ofrecen diversas soluciones para arquitectos, ingenieros y especificadores. Nuestros productos garantizan protecci\u00f3n m\u00e1xima contra el humo. Brindando la capacidad de dise\u00f1ar edificios complejos que se adhieren a las normativas contra incendios.<\/p>\n<h2>Fire Curtain Technologies<\/h2>\n<p>es el distribuidor oficial de COLT de cortinas de protecci\u00f3n contra incendio en M\u00c9XICO, USA Y CANAD\u00c1.<\/p>\n<h5><strong>Productos:<\/strong><\/h5>\n<h4>cortinas de proteccion contra incendio aprobadas y certificadas baja la norma UL<\/h4>\n<ul>\n<li><a href=\"http:\/\/firecurtaintechnologies.com\/es\/cortinas-cortafuego\/cortina-cortafuego-automatica\/\">Cortinas Autom\u00e1ticas cortafuego<\/a><\/li>\n<li><a href=\"http:\/\/firecurtaintechnologies.com\/es\/cortinas-cortafuego-y-humo\/cortina-automatica-cortafuego-y-humo\/\">Cortina autom\u00e1tica cortafuego y humo <\/a><\/li>\n<li><a href=\"http:\/\/firecurtaintechnologies.com\/es\/cortinas-corta-humo\/cortina-corta-humo-fija\/\">barreras corta humo fija<\/a><\/li>\n<li><a href=\"http:\/\/firecurtaintechnologies.com\/es\/cortinas-corta-humo\/cortina-corta-humo-automatica\/\">Cortina corta humo para escaleras<\/a><\/li>\n<\/ul>\n<div class=\"page\" title=\"Page 3\">\n<div class=\"layoutArea\">\n<div class=\"column\">\n<h5>CARACTERISTICAS<\/h5>\n<ul>\n<li>Las cortinas contra incendios est\u00e1n aprobadas y certificadas seg\u00fan las \u00faltimas regulaciones contra incendios de la misma manera que la\u00a0tecnolog\u00eda de dise\u00f1o de edificios.<\/li>\n<li>Fire Curtain Technologies ofrece una amplia gama de opciones. Todos los componentes del sistema, incluidas las cajas, tela, barras inferiores y sistemas de accionamiento pueden personalizarse.<\/li>\n<li>Todas las cortinas corta humo y fuego pueden funcionar como parte de un sistema de control de humo y un esquema de gesti\u00f3n de incendios.<\/li>\n<li>Tambi\u00e9n tienen la posibilidad de interactuar directamente con un panel de control de incendios.<\/li>\n<li>Sistema de\u00a0ca\u00edda\u00a0por gravedad en ausencia de corriente (la cortina corta humo se desenrolla a su posici\u00f3n operativa sin la necesidad de energ\u00eda)<\/li>\n<li><span style=\"color: #333333; font-family: Raleway, Helvetica, Arial, sans-serif; font-size: 15px; letter-spacing: 2px; text-transform: uppercase;\">Para fines comerciales e industriales.<\/span><\/li>\n<\/ul>\n<\/div>\n<h5>BENEFICIOS<\/h5>\n<ul>\n<li>Las cortinas de humo sellan un \u00e1rea para contener el fuego y evitar que se propague.<\/li>\n<li>La cortina se despliega autom\u00e1ticamente al recibir una se\u00f1al de la alarma contra incendios, del mismo modo que se retrae autom\u00e1ticamente cuando la se\u00f1al se ha detenido.<\/li>\n<li>Las cortinas contra incendios retienen la integridad al fuego en el caso de emergencia.<\/li>\n<\/ul>\n<\/div>\n<\/div>\n","protected":false},"excerpt":{"rendered":"<p>Fire Curtain Technologies distribuye una amplia variedad de cortinas corta fuego y humo para proteger todo tipo de construcci\u00f3n. Las cortinas cortafuego y humo proporcionan un medio eficaz de compartimentaci\u00f3n contra incendios y un sistema para proteger vidas y bienes dentro de un edificio. Los sistemas de contenci\u00f3n de humo evitan el movimiento de humo y calor de un \u00e1rea a otra. Estos a menudo toman la forma de barreras f\u00edsicas como cortinas corta humo.\u00a0Nuestras cortinas corta fuego y humo ofrecen diversas soluciones para arquitectos, ingenieros y especificadores. Nuestros productos garantizan protecci\u00f3n m\u00e1xima contra el humo. Brindando la capacidad de &#8230;<\/p>\n","protected":false},"author":1,"featured_media":207,"parent":0,"menu_order":0,"comment_status":"closed","ping_status":"open","template":"TmpHome.php","meta":{"_acf_changed":false,"footnotes":""},"class_list":["post-2","page","type-page","status-publish","has-post-thumbnail","hentry"],"acf":[],"yoast_head":"<!-- This site is optimized with the Yoast SEO plugin v27.3 - https:\/\/yoast.com\/product\/yoast-seo-wordpress\/ -->\n<title>Fire Curtain Technologies - Cortinas Cortafuego y corta humo en M\u00e9xico<\/title>\n<meta name=\"description\" content=\"Fire Curtain Technologies distribuye cortinas cortafuego y cortinas corta humo para proteger todo tipo de construcci\u00f3n. \u2705certificaci\u00f3n UL \u2705Sistema de ca\u00edda por gravedad en ausencia de corriente. Cortinas autom\u00e1ticas cortafuego, cortinas fijas corta humo para uso comercial e industrial.\" \/>\n<meta name=\"robots\" content=\"index, follow, max-snippet:-1, max-image-preview:large, max-video-preview:-1\" \/>\n<link rel=\"canonical\" href=\"https:\/\/firecurtaintechnologies.com\/es\/\" \/>\n<meta property=\"og:locale\" content=\"es_MX\" \/>\n<meta property=\"og:type\" content=\"article\" \/>\n<meta property=\"og:title\" content=\"Smoke curtains and fire rated curtains in USA - Fire Curtain Technologies\" \/>\n<meta property=\"og:description\" content=\"Smoke curtains and fire curtains in USA. Distributor of COLT Smoke and Fire Curtains in USA, CANADA and MEXICO. Automatic Fire Curtains, Fire Barriers, Smoke Curtains, Smoke Draft curtains, fire resistant curtains. UL Listed smoke and fire curtains. Architectural \/ Commercial \/ Industrial use. Gravity drop\" \/>\n<meta property=\"og:url\" content=\"https:\/\/firecurtaintechnologies.com\/es\/\" \/>\n<meta property=\"og:site_name\" content=\"Fire Curtains Technologies\" \/>\n<meta property=\"article:modified_time\" content=\"2018-05-16T19:40:34+00:00\" \/>\n<meta property=\"og:image\" content=\"https:\/\/firecurtaintechnologies.com\/es\/wp-content\/uploads\/2018\/03\/FCTdefault.jpg\" \/>\n\t<meta property=\"og:image:width\" content=\"1200\" \/>\n\t<meta property=\"og:image:height\" content=\"630\" \/>\n\t<meta property=\"og:image:type\" content=\"image\/jpeg\" \/>\n<meta name=\"twitter:card\" content=\"summary_large_image\" \/>\n<meta name=\"twitter:label1\" content=\"Tiempo de lectura\" \/>\n\t<meta name=\"twitter:data1\" content=\"2 minutos\" \/>\n<script type=\"application\/ld+json\" class=\"yoast-schema-graph\">{\"@context\":\"https:\\\/\\\/schema.org\",\"@graph\":[{\"@type\":\"WebPage\",\"@id\":\"https:\\\/\\\/firecurtaintechnologies.com\\\/es\\\/\",\"url\":\"https:\\\/\\\/firecurtaintechnologies.com\\\/es\\\/\",\"name\":\"Fire Curtain Technologies - Cortinas Cortafuego y corta humo en M\u00e9xico\",\"isPartOf\":{\"@id\":\"https:\\\/\\\/firecurtaintechnologies.com\\\/es\\\/#website\"},\"primaryImageOfPage\":{\"@id\":\"https:\\\/\\\/firecurtaintechnologies.com\\\/es\\\/#primaryimage\"},\"image\":{\"@id\":\"https:\\\/\\\/firecurtaintechnologies.com\\\/es\\\/#primaryimage\"},\"thumbnailUrl\":\"https:\\\/\\\/firecurtaintechnologies.com\\\/es\\\/wp-content\\\/uploads\\\/2018\\\/03\\\/FCTdefault.jpg\",\"datePublished\":\"2017-12-31T17:16:23+00:00\",\"dateModified\":\"2018-05-16T19:40:34+00:00\",\"description\":\"Fire Curtain Technologies distribuye cortinas cortafuego y cortinas corta humo para proteger todo tipo de construcci\u00f3n. \u2705certificaci\u00f3n UL \u2705Sistema de ca\u00edda por gravedad en ausencia de corriente. Cortinas autom\u00e1ticas cortafuego, cortinas fijas corta humo para uso comercial e industrial.\",\"breadcrumb\":{\"@id\":\"https:\\\/\\\/firecurtaintechnologies.com\\\/es\\\/#breadcrumb\"},\"inLanguage\":\"es\",\"potentialAction\":[{\"@type\":\"ReadAction\",\"target\":[\"https:\\\/\\\/firecurtaintechnologies.com\\\/es\\\/\"]}]},{\"@type\":\"ImageObject\",\"inLanguage\":\"es\",\"@id\":\"https:\\\/\\\/firecurtaintechnologies.com\\\/es\\\/#primaryimage\",\"url\":\"https:\\\/\\\/firecurtaintechnologies.com\\\/es\\\/wp-content\\\/uploads\\\/2018\\\/03\\\/FCTdefault.jpg\",\"contentUrl\":\"https:\\\/\\\/firecurtaintechnologies.com\\\/es\\\/wp-content\\\/uploads\\\/2018\\\/03\\\/FCTdefault.jpg\",\"width\":1200,\"height\":630,\"caption\":\"fire curtain technologies\"},{\"@type\":\"BreadcrumbList\",\"@id\":\"https:\\\/\\\/firecurtaintechnologies.com\\\/es\\\/#breadcrumb\",\"itemListElement\":[{\"@type\":\"ListItem\",\"position\":1,\"name\":\"Home\",\"item\":\"https:\\\/\\\/firecurtaintechnologies.com\\\/es\\\/\"},{\"@type\":\"ListItem\",\"position\":2,\"name\":\"Fire Curtain Technologies\"}]},{\"@type\":\"WebSite\",\"@id\":\"https:\\\/\\\/firecurtaintechnologies.com\\\/es\\\/#website\",\"url\":\"https:\\\/\\\/firecurtaintechnologies.com\\\/es\\\/\",\"name\":\"Fire Curtains Technologies\",\"description\":\"Smoke and Fire Curtains\",\"publisher\":{\"@id\":\"https:\\\/\\\/firecurtaintechnologies.com\\\/es\\\/#organization\"},\"potentialAction\":[{\"@type\":\"SearchAction\",\"target\":{\"@type\":\"EntryPoint\",\"urlTemplate\":\"https:\\\/\\\/firecurtaintechnologies.com\\\/es\\\/?s={search_term_string}\"},\"query-input\":{\"@type\":\"PropertyValueSpecification\",\"valueRequired\":true,\"valueName\":\"search_term_string\"}}],\"inLanguage\":\"es\"},{\"@type\":\"Organization\",\"@id\":\"https:\\\/\\\/firecurtaintechnologies.com\\\/es\\\/#organization\",\"name\":\"Fire Curtain Technologies\",\"url\":\"https:\\\/\\\/firecurtaintechnologies.com\\\/es\\\/\",\"logo\":{\"@type\":\"ImageObject\",\"inLanguage\":\"es\",\"@id\":\"https:\\\/\\\/firecurtaintechnologies.com\\\/es\\\/#\\\/schema\\\/logo\\\/image\\\/\",\"url\":\"https:\\\/\\\/firecurtaintechnologies.com\\\/es\\\/wp-content\\\/uploads\\\/2018\\\/03\\\/FCTdefault.jpg\",\"contentUrl\":\"https:\\\/\\\/firecurtaintechnologies.com\\\/es\\\/wp-content\\\/uploads\\\/2018\\\/03\\\/FCTdefault.jpg\",\"width\":1200,\"height\":630,\"caption\":\"Fire Curtain Technologies\"},\"image\":{\"@id\":\"https:\\\/\\\/firecurtaintechnologies.com\\\/es\\\/#\\\/schema\\\/logo\\\/image\\\/\"}}]}<\/script>\n<!-- \/ Yoast SEO plugin. -->","yoast_head_json":{"title":"Fire Curtain Technologies - Cortinas Cortafuego y corta humo en M\u00e9xico","description":"Fire Curtain Technologies distribuye cortinas cortafuego y cortinas corta humo para proteger todo tipo de construcci\u00f3n. \u2705certificaci\u00f3n UL \u2705Sistema de ca\u00edda por gravedad en ausencia de corriente. Cortinas autom\u00e1ticas cortafuego, cortinas fijas corta humo para uso comercial e industrial.","robots":{"index":"index","follow":"follow","max-snippet":"max-snippet:-1","max-image-preview":"max-image-preview:large","max-video-preview":"max-video-preview:-1"},"canonical":"https:\/\/firecurtaintechnologies.com\/es\/","og_locale":"es_MX","og_type":"article","og_title":"Smoke curtains and fire rated curtains in USA - Fire Curtain Technologies","og_description":"Smoke curtains and fire curtains in USA. Distributor of COLT Smoke and Fire Curtains in USA, CANADA and MEXICO. Automatic Fire Curtains, Fire Barriers, Smoke Curtains, Smoke Draft curtains, fire resistant curtains. UL Listed smoke and fire curtains. Architectural \/ Commercial \/ Industrial use. Gravity drop","og_url":"https:\/\/firecurtaintechnologies.com\/es\/","og_site_name":"Fire Curtains Technologies","article_modified_time":"2018-05-16T19:40:34+00:00","og_image":[{"width":1200,"height":630,"url":"https:\/\/firecurtaintechnologies.com\/es\/wp-content\/uploads\/2018\/03\/FCTdefault.jpg","type":"image\/jpeg"}],"twitter_card":"summary_large_image","twitter_misc":{"Tiempo de lectura":"2 minutos"},"schema":{"@context":"https:\/\/schema.org","@graph":[{"@type":"WebPage","@id":"https:\/\/firecurtaintechnologies.com\/es\/","url":"https:\/\/firecurtaintechnologies.com\/es\/","name":"Fire Curtain Technologies - Cortinas Cortafuego y corta humo en M\u00e9xico","isPartOf":{"@id":"https:\/\/firecurtaintechnologies.com\/es\/#website"},"primaryImageOfPage":{"@id":"https:\/\/firecurtaintechnologies.com\/es\/#primaryimage"},"image":{"@id":"https:\/\/firecurtaintechnologies.com\/es\/#primaryimage"},"thumbnailUrl":"https:\/\/firecurtaintechnologies.com\/es\/wp-content\/uploads\/2018\/03\/FCTdefault.jpg","datePublished":"2017-12-31T17:16:23+00:00","dateModified":"2018-05-16T19:40:34+00:00","description":"Fire Curtain Technologies distribuye cortinas cortafuego y cortinas corta humo para proteger todo tipo de construcci\u00f3n. \u2705certificaci\u00f3n UL \u2705Sistema de ca\u00edda por gravedad en ausencia de corriente. Cortinas autom\u00e1ticas cortafuego, cortinas fijas corta humo para uso comercial e industrial.","breadcrumb":{"@id":"https:\/\/firecurtaintechnologies.com\/es\/#breadcrumb"},"inLanguage":"es","potentialAction":[{"@type":"ReadAction","target":["https:\/\/firecurtaintechnologies.com\/es\/"]}]},{"@type":"ImageObject","inLanguage":"es","@id":"https:\/\/firecurtaintechnologies.com\/es\/#primaryimage","url":"https:\/\/firecurtaintechnologies.com\/es\/wp-content\/uploads\/2018\/03\/FCTdefault.jpg","contentUrl":"https:\/\/firecurtaintechnologies.com\/es\/wp-content\/uploads\/2018\/03\/FCTdefault.jpg","width":1200,"height":630,"caption":"fire curtain technologies"},{"@type":"BreadcrumbList","@id":"https:\/\/firecurtaintechnologies.com\/es\/#breadcrumb","itemListElement":[{"@type":"ListItem","position":1,"name":"Home","item":"https:\/\/firecurtaintechnologies.com\/es\/"},{"@type":"ListItem","position":2,"name":"Fire Curtain Technologies"}]},{"@type":"WebSite","@id":"https:\/\/firecurtaintechnologies.com\/es\/#website","url":"https:\/\/firecurtaintechnologies.com\/es\/","name":"Fire Curtains Technologies","description":"Smoke and Fire Curtains","publisher":{"@id":"https:\/\/firecurtaintechnologies.com\/es\/#organization"},"potentialAction":[{"@type":"SearchAction","target":{"@type":"EntryPoint","urlTemplate":"https:\/\/firecurtaintechnologies.com\/es\/?s={search_term_string}"},"query-input":{"@type":"PropertyValueSpecification","valueRequired":true,"valueName":"search_term_string"}}],"inLanguage":"es"},{"@type":"Organization","@id":"https:\/\/firecurtaintechnologies.com\/es\/#organization","name":"Fire Curtain Technologies","url":"https:\/\/firecurtaintechnologies.com\/es\/","logo":{"@type":"ImageObject","inLanguage":"es","@id":"https:\/\/firecurtaintechnologies.com\/es\/#\/schema\/logo\/image\/","url":"https:\/\/firecurtaintechnologies.com\/es\/wp-content\/uploads\/2018\/03\/FCTdefault.jpg","contentUrl":"https:\/\/firecurtaintechnologies.com\/es\/wp-content\/uploads\/2018\/03\/FCTdefault.jpg","width":1200,"height":630,"caption":"Fire Curtain Technologies"},"image":{"@id":"https:\/\/firecurtaintechnologies.com\/es\/#\/schema\/logo\/image\/"}}]}},"_links":{"self":[{"href":"https:\/\/firecurtaintechnologies.com\/es\/wp-json\/wp\/v2\/pages\/2","targetHints":{"allow":["GET"]}}],"collection":[{"href":"https:\/\/firecurtaintechnologies.com\/es\/wp-json\/wp\/v2\/pages"}],"about":[{"href":"https:\/\/firecurtaintechnologies.com\/es\/wp-json\/wp\/v2\/types\/page"}],"author":[{"embeddable":true,"href":"https:\/\/firecurtaintechnologies.com\/es\/wp-json\/wp\/v2\/users\/1"}],"replies":[{"embeddable":true,"href":"https:\/\/firecurtaintechnologies.com\/es\/wp-json\/wp\/v2\/comments?post=2"}],"version-history":[{"count":31,"href":"https:\/\/firecurtaintechnologies.com\/es\/wp-json\/wp\/v2\/pages\/2\/revisions"}],"predecessor-version":[{"id":428,"href":"https:\/\/firecurtaintechnologies.com\/es\/wp-json\/wp\/v2\/pages\/2\/revisions\/428"}],"wp:featuredmedia":[{"embeddable":true,"href":"https:\/\/firecurtaintechnologies.com\/es\/wp-json\/wp\/v2\/media\/207"}],"wp:attachment":[{"href":"https:\/\/firecurtaintechnologies.com\/es\/wp-json\/wp\/v2\/media?parent=2"}],"curies":[{"name":"wp","href":"https:\/\/api.w.org\/{rel}","templated":true}]}}