{"id":10,"date":"2018-01-05T16:01:25","date_gmt":"2018-01-05T16:01:25","guid":{"rendered":"http:\/\/firecurtaintechnologies.com\/es\/?page_id=10"},"modified":"2018-05-16T20:20:35","modified_gmt":"2018-05-16T20:20:35","slug":"cortinas-contra-incendio","status":"publish","type":"page","link":"https:\/\/firecurtaintechnologies.com\/es\/cortinas-contra-incendio\/","title":{"rendered":"Productos"},"content":{"rendered":"<div class=\"page\" title=\"Page 2\">\n<div class=\"section\">\n<div class=\"layoutArea\">\n<div class=\"column\">\n<h2>cortinas contra incendio<\/h2>\n<p>Fire Curtain Technologies es el Distribuidor oficial de cortinas cortafuego y corta humo de COLT.<\/p>\n<p>Fire Curtain Technologies ofrece una amplia gama de cortinas cortafuego y humo en M\u00e9xico, EE. UU. y Canad\u00e1. Todas nuestras cortinas corta humo y fuego est\u00e1n aprobadas en diferentes pa\u00edses y est\u00e1ndares internacionales de tal manera que cumplan con todas las regulaciones contra incendios.<\/p>\n<div class=\"column\">\n<h5>Las principales funciones de las cortinas corta humo son:<\/h5>\n<ol>\n<li>a) Mantener la compartimentaci\u00f3n dentro de edificios para restringir el paso del humo fuera de los l\u00edmites establecidos.<\/li>\n<li>b) Permitir el acceso a rutas de escape protegidas.<\/li>\n<li>c) Tambi\u00e9n ofrece resistencia al calor una vez que el humo caliente la cortina cortafuego<\/li>\n<\/ol>\n<p>En el caso de incendio, la cortina corta humo se desplegar\u00e1 parcialmente para controlar el movimiento de humo dentro de un edificio.<\/p>\n<h5>Las principales funciones de las cortinas cortafuego son:<\/h5>\n<ol>\n<li>a) Mantener la compartimentaci\u00f3n necesaria para evitar que el humo se propague de una zona a otra.<\/li>\n<li>b) Limitar r\u00e1pidamente la propagaci\u00f3n del fuego<\/li>\n<li>c) Permitir el acceso a rutas de escape protegidas.<\/li>\n<li>d) Para limitar la entrada de humo a rutas protegidas<\/li>\n<\/ol>\n<p>En caso de incendio, la cortina contra incendios primeramente se desplegar\u00e1 para controlar el movimiento del humo, antes de desplegarse por completo como una barrera contra incendios.<\/p>\n<\/div>\n<div class=\"page\" title=\"Page 3\">\n<div class=\"layoutArea\">\n<div class=\"column\">\n<div class=\"page\" title=\"Page 3\">\n<div class=\"layoutArea\">\n<div class=\"column\">\n<div class=\"page\" title=\"Page 3\">\n<div class=\"layoutArea\">\n<div class=\"column\">\n<div class=\"page\" title=\"Page 3\">\n<div class=\"layoutArea\">\n<div class=\"column\">\n<div class=\"page\" title=\"Page 26\">\n<div class=\"layoutArea\">\n<div class=\"column\"><\/div>\n<\/div>\n<\/div>\n<\/div>\n<\/div>\n<\/div>\n<\/div>\n<\/div>\n<\/div>\n<\/div>\n<\/div>\n<\/div>\n<\/div>\n<\/div>\n<\/div>\n<\/div>\n<\/div>\n<\/div>\n<\/div>\n","protected":false},"excerpt":{"rendered":"<p>cortinas contra incendio Fire Curtain Technologies es el Distribuidor oficial de cortinas cortafuego y corta humo de COLT. Fire Curtain Technologies ofrece una amplia gama de cortinas cortafuego y humo en M\u00e9xico, EE. UU. y Canad\u00e1. Todas nuestras cortinas corta humo y fuego est\u00e1n aprobadas en diferentes pa\u00edses y est\u00e1ndares internacionales de tal manera que cumplan con todas las regulaciones contra incendios. Las principales funciones de las cortinas corta humo son: a) Mantener la compartimentaci\u00f3n dentro de edificios para restringir el paso del humo fuera de los l\u00edmites establecidos. b) Permitir el acceso a rutas de escape protegidas. c) Tambi\u00e9n &#8230;<\/p>\n","protected":false},"author":1,"featured_media":0,"parent":0,"menu_order":0,"comment_status":"closed","ping_status":"closed","template":"TmpProducts.php","meta":{"_acf_changed":false,"footnotes":""},"class_list":["post-10","page","type-page","status-publish","hentry"],"acf":[],"yoast_head":"<!-- This site is optimized with the Yoast SEO plugin v27.3 - https:\/\/yoast.com\/product\/yoast-seo-wordpress\/ -->\n<title>Cortinas contra incendio en Mexico - Fire Curtain Technologies<\/title>\n<meta name=\"description\" content=\"Cortinas contra incendio. Nuestras cortinas contra incendio ofrecen diversas soluciones para arquitectos e ingenieros: M\u00e1xima protecci\u00f3n contra el humo y fuego y la capacidad de dise\u00f1ar edificios complejos que se adhieran a las normativas contra incendios. \u2705Sistema de ca\u00edda por gravedad \u2705Certificaci\u00f3n UL\" \/>\n<meta name=\"robots\" content=\"index, follow, max-snippet:-1, max-image-preview:large, max-video-preview:-1\" \/>\n<link rel=\"canonical\" href=\"https:\/\/firecurtaintechnologies.com\/es\/cortinas-contra-incendio\/\" \/>\n<meta property=\"og:locale\" content=\"es_MX\" \/>\n<meta property=\"og:type\" content=\"article\" \/>\n<meta property=\"og:title\" content=\"Cortinas contra incendio en Mexico - Fire Curtain Technologies\" \/>\n<meta property=\"og:description\" content=\"Cortinas contra incendio. Nuestras cortinas contra incendio ofrecen diversas soluciones para arquitectos e ingenieros: M\u00e1xima protecci\u00f3n contra el humo y fuego y la capacidad de dise\u00f1ar edificios complejos que se adhieran a las normativas contra incendios. \u2705Sistema de ca\u00edda por gravedad \u2705Certificaci\u00f3n UL\" \/>\n<meta property=\"og:url\" content=\"https:\/\/firecurtaintechnologies.com\/es\/cortinas-contra-incendio\/\" \/>\n<meta property=\"og:site_name\" content=\"Fire Curtains Technologies\" \/>\n<meta property=\"article:modified_time\" content=\"2018-05-16T20:20:35+00:00\" \/>\n<meta name=\"twitter:card\" content=\"summary_large_image\" \/>\n<meta name=\"twitter:label1\" content=\"Tiempo de lectura\" \/>\n\t<meta name=\"twitter:data1\" content=\"1 minuto\" \/>\n<script type=\"application\/ld+json\" class=\"yoast-schema-graph\">{\"@context\":\"https:\\\/\\\/schema.org\",\"@graph\":[{\"@type\":\"WebPage\",\"@id\":\"https:\\\/\\\/firecurtaintechnologies.com\\\/es\\\/cortinas-contra-incendio\\\/\",\"url\":\"https:\\\/\\\/firecurtaintechnologies.com\\\/es\\\/cortinas-contra-incendio\\\/\",\"name\":\"Cortinas contra incendio en Mexico - Fire Curtain Technologies\",\"isPartOf\":{\"@id\":\"https:\\\/\\\/firecurtaintechnologies.com\\\/es\\\/#website\"},\"datePublished\":\"2018-01-05T16:01:25+00:00\",\"dateModified\":\"2018-05-16T20:20:35+00:00\",\"description\":\"Cortinas contra incendio. Nuestras cortinas contra incendio ofrecen diversas soluciones para arquitectos e ingenieros: M\u00e1xima protecci\u00f3n contra el humo y fuego y la capacidad de dise\u00f1ar edificios complejos que se adhieran a las normativas contra incendios. \u2705Sistema de ca\u00edda por gravedad \u2705Certificaci\u00f3n UL\",\"breadcrumb\":{\"@id\":\"https:\\\/\\\/firecurtaintechnologies.com\\\/es\\\/cortinas-contra-incendio\\\/#breadcrumb\"},\"inLanguage\":\"es\",\"potentialAction\":[{\"@type\":\"ReadAction\",\"target\":[\"https:\\\/\\\/firecurtaintechnologies.com\\\/es\\\/cortinas-contra-incendio\\\/\"]}]},{\"@type\":\"BreadcrumbList\",\"@id\":\"https:\\\/\\\/firecurtaintechnologies.com\\\/es\\\/cortinas-contra-incendio\\\/#breadcrumb\",\"itemListElement\":[{\"@type\":\"ListItem\",\"position\":1,\"name\":\"Home\",\"item\":\"https:\\\/\\\/firecurtaintechnologies.com\\\/es\\\/\"},{\"@type\":\"ListItem\",\"position\":2,\"name\":\"Productos\"}]},{\"@type\":\"WebSite\",\"@id\":\"https:\\\/\\\/firecurtaintechnologies.com\\\/es\\\/#website\",\"url\":\"https:\\\/\\\/firecurtaintechnologies.com\\\/es\\\/\",\"name\":\"Fire Curtains Technologies\",\"description\":\"Smoke and Fire Curtains\",\"publisher\":{\"@id\":\"https:\\\/\\\/firecurtaintechnologies.com\\\/es\\\/#organization\"},\"potentialAction\":[{\"@type\":\"SearchAction\",\"target\":{\"@type\":\"EntryPoint\",\"urlTemplate\":\"https:\\\/\\\/firecurtaintechnologies.com\\\/es\\\/?s={search_term_string}\"},\"query-input\":{\"@type\":\"PropertyValueSpecification\",\"valueRequired\":true,\"valueName\":\"search_term_string\"}}],\"inLanguage\":\"es\"},{\"@type\":\"Organization\",\"@id\":\"https:\\\/\\\/firecurtaintechnologies.com\\\/es\\\/#organization\",\"name\":\"Fire Curtain Technologies\",\"url\":\"https:\\\/\\\/firecurtaintechnologies.com\\\/es\\\/\",\"logo\":{\"@type\":\"ImageObject\",\"inLanguage\":\"es\",\"@id\":\"https:\\\/\\\/firecurtaintechnologies.com\\\/es\\\/#\\\/schema\\\/logo\\\/image\\\/\",\"url\":\"https:\\\/\\\/firecurtaintechnologies.com\\\/es\\\/wp-content\\\/uploads\\\/2018\\\/03\\\/FCTdefault.jpg\",\"contentUrl\":\"https:\\\/\\\/firecurtaintechnologies.com\\\/es\\\/wp-content\\\/uploads\\\/2018\\\/03\\\/FCTdefault.jpg\",\"width\":1200,\"height\":630,\"caption\":\"Fire Curtain Technologies\"},\"image\":{\"@id\":\"https:\\\/\\\/firecurtaintechnologies.com\\\/es\\\/#\\\/schema\\\/logo\\\/image\\\/\"}}]}<\/script>\n<!-- \/ Yoast SEO plugin. -->","yoast_head_json":{"title":"Cortinas contra incendio en Mexico - Fire Curtain Technologies","description":"Cortinas contra incendio. Nuestras cortinas contra incendio ofrecen diversas soluciones para arquitectos e ingenieros: M\u00e1xima protecci\u00f3n contra el humo y fuego y la capacidad de dise\u00f1ar edificios complejos que se adhieran a las normativas contra incendios. \u2705Sistema de ca\u00edda por gravedad \u2705Certificaci\u00f3n UL","robots":{"index":"index","follow":"follow","max-snippet":"max-snippet:-1","max-image-preview":"max-image-preview:large","max-video-preview":"max-video-preview:-1"},"canonical":"https:\/\/firecurtaintechnologies.com\/es\/cortinas-contra-incendio\/","og_locale":"es_MX","og_type":"article","og_title":"Cortinas contra incendio en Mexico - Fire Curtain Technologies","og_description":"Cortinas contra incendio. Nuestras cortinas contra incendio ofrecen diversas soluciones para arquitectos e ingenieros: M\u00e1xima protecci\u00f3n contra el humo y fuego y la capacidad de dise\u00f1ar edificios complejos que se adhieran a las normativas contra incendios. \u2705Sistema de ca\u00edda por gravedad \u2705Certificaci\u00f3n UL","og_url":"https:\/\/firecurtaintechnologies.com\/es\/cortinas-contra-incendio\/","og_site_name":"Fire Curtains Technologies","article_modified_time":"2018-05-16T20:20:35+00:00","twitter_card":"summary_large_image","twitter_misc":{"Tiempo de lectura":"1 minuto"},"schema":{"@context":"https:\/\/schema.org","@graph":[{"@type":"WebPage","@id":"https:\/\/firecurtaintechnologies.com\/es\/cortinas-contra-incendio\/","url":"https:\/\/firecurtaintechnologies.com\/es\/cortinas-contra-incendio\/","name":"Cortinas contra incendio en Mexico - Fire Curtain Technologies","isPartOf":{"@id":"https:\/\/firecurtaintechnologies.com\/es\/#website"},"datePublished":"2018-01-05T16:01:25+00:00","dateModified":"2018-05-16T20:20:35+00:00","description":"Cortinas contra incendio. Nuestras cortinas contra incendio ofrecen diversas soluciones para arquitectos e ingenieros: M\u00e1xima protecci\u00f3n contra el humo y fuego y la capacidad de dise\u00f1ar edificios complejos que se adhieran a las normativas contra incendios. \u2705Sistema de ca\u00edda por gravedad \u2705Certificaci\u00f3n UL","breadcrumb":{"@id":"https:\/\/firecurtaintechnologies.com\/es\/cortinas-contra-incendio\/#breadcrumb"},"inLanguage":"es","potentialAction":[{"@type":"ReadAction","target":["https:\/\/firecurtaintechnologies.com\/es\/cortinas-contra-incendio\/"]}]},{"@type":"BreadcrumbList","@id":"https:\/\/firecurtaintechnologies.com\/es\/cortinas-contra-incendio\/#breadcrumb","itemListElement":[{"@type":"ListItem","position":1,"name":"Home","item":"https:\/\/firecurtaintechnologies.com\/es\/"},{"@type":"ListItem","position":2,"name":"Productos"}]},{"@type":"WebSite","@id":"https:\/\/firecurtaintechnologies.com\/es\/#website","url":"https:\/\/firecurtaintechnologies.com\/es\/","name":"Fire Curtains Technologies","description":"Smoke and Fire Curtains","publisher":{"@id":"https:\/\/firecurtaintechnologies.com\/es\/#organization"},"potentialAction":[{"@type":"SearchAction","target":{"@type":"EntryPoint","urlTemplate":"https:\/\/firecurtaintechnologies.com\/es\/?s={search_term_string}"},"query-input":{"@type":"PropertyValueSpecification","valueRequired":true,"valueName":"search_term_string"}}],"inLanguage":"es"},{"@type":"Organization","@id":"https:\/\/firecurtaintechnologies.com\/es\/#organization","name":"Fire Curtain Technologies","url":"https:\/\/firecurtaintechnologies.com\/es\/","logo":{"@type":"ImageObject","inLanguage":"es","@id":"https:\/\/firecurtaintechnologies.com\/es\/#\/schema\/logo\/image\/","url":"https:\/\/firecurtaintechnologies.com\/es\/wp-content\/uploads\/2018\/03\/FCTdefault.jpg","contentUrl":"https:\/\/firecurtaintechnologies.com\/es\/wp-content\/uploads\/2018\/03\/FCTdefault.jpg","width":1200,"height":630,"caption":"Fire Curtain Technologies"},"image":{"@id":"https:\/\/firecurtaintechnologies.com\/es\/#\/schema\/logo\/image\/"}}]}},"_links":{"self":[{"href":"https:\/\/firecurtaintechnologies.com\/es\/wp-json\/wp\/v2\/pages\/10","targetHints":{"allow":["GET"]}}],"collection":[{"href":"https:\/\/firecurtaintechnologies.com\/es\/wp-json\/wp\/v2\/pages"}],"about":[{"href":"https:\/\/firecurtaintechnologies.com\/es\/wp-json\/wp\/v2\/types\/page"}],"author":[{"embeddable":true,"href":"https:\/\/firecurtaintechnologies.com\/es\/wp-json\/wp\/v2\/users\/1"}],"replies":[{"embeddable":true,"href":"https:\/\/firecurtaintechnologies.com\/es\/wp-json\/wp\/v2\/comments?post=10"}],"version-history":[{"count":29,"href":"https:\/\/firecurtaintechnologies.com\/es\/wp-json\/wp\/v2\/pages\/10\/revisions"}],"predecessor-version":[{"id":433,"href":"https:\/\/firecurtaintechnologies.com\/es\/wp-json\/wp\/v2\/pages\/10\/revisions\/433"}],"wp:attachment":[{"href":"https:\/\/firecurtaintechnologies.com\/es\/wp-json\/wp\/v2\/media?parent=10"}],"curies":[{"name":"wp","href":"https:\/\/api.w.org\/{rel}","templated":true}]}}